{"id":1150,"date":"2023-11-16T21:05:57","date_gmt":"2023-11-16T20:05:57","guid":{"rendered":"https:\/\/berocam.es\/cosa-facciamo\/"},"modified":"2023-12-19T12:20:37","modified_gmt":"2023-12-19T11:20:37","slug":"cosa-facciamo","status":"publish","type":"page","link":"https:\/\/www.berocam.es\/it\/cosa-facciamo\/","title":{"rendered":"Cosa facciamo"},"content":{"rendered":"","protected":false},"excerpt":{"rendered":"","protected":false},"author":3,"featured_media":0,"parent":0,"menu_order":0,"comment_status":"closed","ping_status":"closed","template":"","meta":{"_acf_changed":false,"footnotes":""},"taxo-papers":[],"class_list":["post-1150","page","type-page","status-publish","hentry"],"acf":[],"yoast_head":"<!-- This site is optimized with the Yoast SEO plugin v27.5 - https:\/\/yoast.com\/product\/yoast-seo-wordpress\/ -->\n<title>Servizi professionali presso berocam: il tuo successo \u00e8 la nostra priorit\u00e0<\/title>\n<meta name=\"description\" content=\"Esplora i servizi berocam. Il nostro impegno \u00e8 fornirvi soluzioni professionali personalizzate. Affidati a noi per raggiungere con successo i tuoi obiettivi.\" \/>\n<meta name=\"robots\" content=\"index, follow, max-snippet:-1, max-image-preview:large, max-video-preview:-1\" \/>\n<link rel=\"canonical\" href=\"https:\/\/www.berocam.es\/it\/cosa-facciamo\/\" \/>\n<meta property=\"og:locale\" content=\"it_IT\" \/>\n<meta property=\"og:type\" content=\"article\" \/>\n<meta property=\"og:title\" content=\"Servizi professionali presso berocam: il tuo successo \u00e8 la nostra priorit\u00e0\" \/>\n<meta property=\"og:description\" content=\"Esplora i servizi berocam. Il nostro impegno \u00e8 fornirvi soluzioni professionali personalizzate. Affidati a noi per raggiungere con successo i tuoi obiettivi.\" \/>\n<meta property=\"og:url\" content=\"https:\/\/www.berocam.es\/it\/cosa-facciamo\/\" \/>\n<meta property=\"og:site_name\" content=\"Berocam\" \/>\n<meta property=\"article:modified_time\" content=\"2023-12-19T11:20:37+00:00\" \/>\n<meta name=\"twitter:card\" content=\"summary_large_image\" \/>\n<script type=\"application\/ld+json\" class=\"yoast-schema-graph\">{\"@context\":\"https:\\\/\\\/schema.org\",\"@graph\":[{\"@type\":\"WebPage\",\"@id\":\"https:\\\/\\\/www.berocam.es\\\/it\\\/cosa-facciamo\\\/\",\"url\":\"https:\\\/\\\/www.berocam.es\\\/it\\\/cosa-facciamo\\\/\",\"name\":\"Servizi professionali presso berocam: il tuo successo \u00e8 la nostra priorit\u00e0\",\"isPartOf\":{\"@id\":\"https:\\\/\\\/www.berocam.es\\\/it\\\/#website\"},\"datePublished\":\"2023-11-16T20:05:57+00:00\",\"dateModified\":\"2023-12-19T11:20:37+00:00\",\"description\":\"Esplora i servizi berocam. Il nostro impegno \u00e8 fornirvi soluzioni professionali personalizzate. Affidati a noi per raggiungere con successo i tuoi obiettivi.\",\"breadcrumb\":{\"@id\":\"https:\\\/\\\/www.berocam.es\\\/it\\\/cosa-facciamo\\\/#breadcrumb\"},\"inLanguage\":\"it-IT\",\"potentialAction\":[{\"@type\":\"ReadAction\",\"target\":[\"https:\\\/\\\/www.berocam.es\\\/it\\\/cosa-facciamo\\\/\"]}]},{\"@type\":\"BreadcrumbList\",\"@id\":\"https:\\\/\\\/www.berocam.es\\\/it\\\/cosa-facciamo\\\/#breadcrumb\",\"itemListElement\":[{\"@type\":\"ListItem\",\"position\":1,\"name\":\"Portada\",\"item\":\"https:\\\/\\\/www.berocam.es\\\/it\\\/home\\\/\"},{\"@type\":\"ListItem\",\"position\":2,\"name\":\"Cosa facciamo\"}]},{\"@type\":\"WebSite\",\"@id\":\"https:\\\/\\\/www.berocam.es\\\/it\\\/#website\",\"url\":\"https:\\\/\\\/www.berocam.es\\\/it\\\/\",\"name\":\"Berocam\",\"description\":\"En berocam pensamos que los activos con mayor impacto en un negocio son las personas y los datos. Por eso, trabajamos junto a los l\u00edderes de las organizaciones que quieren transformar y evolucionar su negocio a partir de los datos (me imagino que no cabr\u00e1 pero hasta donde se corte).\",\"potentialAction\":[{\"@type\":\"SearchAction\",\"target\":{\"@type\":\"EntryPoint\",\"urlTemplate\":\"https:\\\/\\\/www.berocam.es\\\/it\\\/?s={search_term_string}\"},\"query-input\":{\"@type\":\"PropertyValueSpecification\",\"valueRequired\":true,\"valueName\":\"search_term_string\"}}],\"inLanguage\":\"it-IT\"}]}<\/script>\n<!-- \/ Yoast SEO plugin. -->","yoast_head_json":{"title":"Servizi professionali presso berocam: il tuo successo \u00e8 la nostra priorit\u00e0","description":"Esplora i servizi berocam. Il nostro impegno \u00e8 fornirvi soluzioni professionali personalizzate. Affidati a noi per raggiungere con successo i tuoi obiettivi.","robots":{"index":"index","follow":"follow","max-snippet":"max-snippet:-1","max-image-preview":"max-image-preview:large","max-video-preview":"max-video-preview:-1"},"canonical":"https:\/\/www.berocam.es\/it\/cosa-facciamo\/","og_locale":"it_IT","og_type":"article","og_title":"Servizi professionali presso berocam: il tuo successo \u00e8 la nostra priorit\u00e0","og_description":"Esplora i servizi berocam. Il nostro impegno \u00e8 fornirvi soluzioni professionali personalizzate. Affidati a noi per raggiungere con successo i tuoi obiettivi.","og_url":"https:\/\/www.berocam.es\/it\/cosa-facciamo\/","og_site_name":"Berocam","article_modified_time":"2023-12-19T11:20:37+00:00","twitter_card":"summary_large_image","schema":{"@context":"https:\/\/schema.org","@graph":[{"@type":"WebPage","@id":"https:\/\/www.berocam.es\/it\/cosa-facciamo\/","url":"https:\/\/www.berocam.es\/it\/cosa-facciamo\/","name":"Servizi professionali presso berocam: il tuo successo \u00e8 la nostra priorit\u00e0","isPartOf":{"@id":"https:\/\/www.berocam.es\/it\/#website"},"datePublished":"2023-11-16T20:05:57+00:00","dateModified":"2023-12-19T11:20:37+00:00","description":"Esplora i servizi berocam. Il nostro impegno \u00e8 fornirvi soluzioni professionali personalizzate. Affidati a noi per raggiungere con successo i tuoi obiettivi.","breadcrumb":{"@id":"https:\/\/www.berocam.es\/it\/cosa-facciamo\/#breadcrumb"},"inLanguage":"it-IT","potentialAction":[{"@type":"ReadAction","target":["https:\/\/www.berocam.es\/it\/cosa-facciamo\/"]}]},{"@type":"BreadcrumbList","@id":"https:\/\/www.berocam.es\/it\/cosa-facciamo\/#breadcrumb","itemListElement":[{"@type":"ListItem","position":1,"name":"Portada","item":"https:\/\/www.berocam.es\/it\/home\/"},{"@type":"ListItem","position":2,"name":"Cosa facciamo"}]},{"@type":"WebSite","@id":"https:\/\/www.berocam.es\/it\/#website","url":"https:\/\/www.berocam.es\/it\/","name":"Berocam","description":"En berocam pensamos que los activos con mayor impacto en un negocio son las personas y los datos. Por eso, trabajamos junto a los l\u00edderes de las organizaciones que quieren transformar y evolucionar su negocio a partir de los datos (me imagino que no cabr\u00e1 pero hasta donde se corte).","potentialAction":[{"@type":"SearchAction","target":{"@type":"EntryPoint","urlTemplate":"https:\/\/www.berocam.es\/it\/?s={search_term_string}"},"query-input":{"@type":"PropertyValueSpecification","valueRequired":true,"valueName":"search_term_string"}}],"inLanguage":"it-IT"}]}},"_links":{"self":[{"href":"https:\/\/www.berocam.es\/it\/wp-json\/wp\/v2\/pages\/1150","targetHints":{"allow":["GET"]}}],"collection":[{"href":"https:\/\/www.berocam.es\/it\/wp-json\/wp\/v2\/pages"}],"about":[{"href":"https:\/\/www.berocam.es\/it\/wp-json\/wp\/v2\/types\/page"}],"author":[{"embeddable":true,"href":"https:\/\/www.berocam.es\/it\/wp-json\/wp\/v2\/users\/3"}],"replies":[{"embeddable":true,"href":"https:\/\/www.berocam.es\/it\/wp-json\/wp\/v2\/comments?post=1150"}],"version-history":[{"count":1,"href":"https:\/\/www.berocam.es\/it\/wp-json\/wp\/v2\/pages\/1150\/revisions"}],"predecessor-version":[{"id":1642,"href":"https:\/\/www.berocam.es\/it\/wp-json\/wp\/v2\/pages\/1150\/revisions\/1642"}],"wp:attachment":[{"href":"https:\/\/www.berocam.es\/it\/wp-json\/wp\/v2\/media?parent=1150"}],"wp:term":[{"taxonomy":"taxo-papers","embeddable":true,"href":"https:\/\/www.berocam.es\/it\/wp-json\/wp\/v2\/taxo-papers?post=1150"}],"curies":[{"name":"wp","href":"https:\/\/api.w.org\/{rel}","templated":true}]}}