{"id":1197,"date":"2023-02-12T09:58:42","date_gmt":"2023-02-12T08:58:42","guid":{"rendered":"https:\/\/berocam.es\/politica-sulla-privacy\/"},"modified":"2023-12-04T14:44:07","modified_gmt":"2023-12-04T13:44:07","slug":"politica-sulla-privacy","status":"publish","type":"page","link":"https:\/\/www.berocam.es\/it\/politica-sulla-privacy\/","title":{"rendered":"Politica sulla privacy"},"content":{"rendered":"\n<p><strong>AVVISO LEGALE <\/strong><\/p>\n\n<p>BEROCAM CONSULTING S.L., responsabile del sito web, mette a disposizione degli utenti il presente documento in ottemperanza agli obblighi previsti dalla Legge 34\/2002, sui Servizi della Societ\u00e0 dell&#8217;Informazione e del Commercio Elettronico (LISS-CE), nonch\u00e9 per informare tutti gli utenti del sito web sulle condizioni di utilizzo dello stesso. <\/p>\n\n<p>Questo sito web \u00e8 stato sviluppato per fornire agli utenti informazioni su vari prodotti e servizi di BEROCAM CONSULTING SL. <\/p>\n\n<p>Su BEROCAM <\/p>\n\n<p>Il dominio WWW.BEROCAM.COM offre i prodotti e servizi di BEROCAM CONSULTING S.L. <\/p>\n\n<p>Nome dell&#8217;azienda: BEROCAM CONSULTING S.L. <\/p>\n\n<p>Indirizzo: Parque Empresarial Arbea, Edificio 2, Bajo Exterior, Alcobendas <\/p>\n\n<p>Codice postale: 28108 Provincia: Madrid <\/p>\n\n<p>CIF: B-87197539 <\/p>\n\n<p><strong>Contenuto e utilizzo <\/strong><\/p>\n\n<p>L&#8217;accesso a questo sito web implica la piena accettazione delle presenti condizioni generali d&#8217;uso, che l&#8217;utente dichiara di comprendere completamente. L&#8217;utente si impegna a non utilizzare il sito web e i servizi offerti per attivit\u00e0 contrarie alla legge e a rispettare in ogni momento le presenti condizioni generali. Il fornitore potr\u00e0 sospendere l&#8217;accesso al sito web in qualsiasi momento se rileva un utilizzo contrario alla legalit\u00e0, alla buona fede o alle presenti condizioni generali. <\/p>\n\n<p>L&#8217;azienda si riserva il diritto di apportare, senza preavviso, le modifiche ritenute opportune al sito web, potendo cambiare, eliminare o aggiungere sia i contenuti che i servizi offerti attraverso di esso, cos\u00ec come la loro presentazione o posizionamento nel sito web. <\/p>\n\n<p><strong>Propriet\u00e0 intellettuale e industriale <\/strong><\/p>\n\n<p>Il sito web, compresa a titolo esemplificativo, ma non limitativo, la sua programmazione, redazione, compilazione e gli altri elementi necessari per il suo funzionamento, i design, i loghi, il testo e\/o le grafiche sono di propriet\u00e0 del fornitore o, se del caso, dispone di licenza o autorizzazione espressa da parte degli autori per il loro utilizzo. Tutti i contenuti del sito web sono adeguatamente protetti dalla normativa sulla propriet\u00e0 intellettuale e industriale, nonch\u00e9 registrati nei registri pubblici corrispondenti. La riproduzione totale o parziale, l&#8217;uso a scopo di lucro o non lucrativo, la distribuzione e la vendita richiedono in ogni caso l&#8217;autorizzazione scritta preventiva del fornitore. Qualsiasi utilizzo non autorizzato precedentemente da parte dell&#8217;autore sar\u00e0 considerato una violazione grave dei diritti di propriet\u00e0 intellettuale o industriale dell&#8217;autore. <\/p>\n\n<p>I design, i loghi, il testo e\/o le grafiche estranei al fornitore e che possono comparire sul sito web sono di propriet\u00e0 dei rispettivi proprietari, che sono responsabili di qualsiasi controversia possa sorgere in merito agli stessi. Il fornitore riconosce a favore dei suoi titolari i corrispondenti diritti di propriet\u00e0 industriale e intellettuale, senza che la loro mera menzione o comparsa sul sito web implichi l&#8217;esistenza di diritti o responsabilit\u00e0 da parte del fornitore sugli stessi, n\u00e9 il loro appoggio, patrocinio o raccomandazione da parte dello stesso. <\/p>\n\n<p><strong>Responsabilit\u00e0 <\/strong><\/p>\n\n<p>L&#8217;azienda declina ogni tipo di responsabilit\u00e0 derivante dalle informazioni pubblicate sul suo sito web, sempre che tali informazioni siano state manipolate o introdotte da un terzo estraneo ad essa. Questo sito web \u00e8 stato esaminato e testato per garantirne il corretto funzionamento. In linea di principio, il corretto funzionamento pu\u00f2 essere garantito 365 giorni all&#8217;anno, 24 ore al giorno. Tuttavia, il fornitore non esclude la possibilit\u00e0 che ci siano errori di programmazione o che si verifichino cause di forza maggiore, catastrofi naturali, scioperi o circostanze simili che rendano impossibile l&#8217;accesso al sito web. In caso di interruzione del funzionamento del sito web, il fornitore si impegna a ripristinare il corretto funzionamento il pi\u00f9 rapidamente possibile. <\/p>\n\n<p><strong>Legislazione applicabile <\/strong><\/p>\n\n<p><strong>Politica sulla protezione dei dati <\/strong><\/p>\n\n<p>In conformit\u00e0 al Regolamento Generale sulla Protezione dei Dati (UE) 2016\/679, si informa l&#8217;interessato che i dati forniti a questa azienda sono gestiti sotto la responsabilit\u00e0 civile di BEROCAM CONSULTING, S.L, con sede in Carretera de Fuencarral KM 3,8, Parque Empresarial Arbea, Edificio 2 Bajo Exterior, Alcobendas (Madrid). <\/p>\n\n<p>BEROCAM CONSULTING S.L fa uso esclusivo dei dati personali forniti dal cliente nell&#8217;ambito della prestazione dei servizi di consulenza contrattati con lui. <\/p>\n\n<p>BEROCAM CONSULTING S.L non condivide le informazioni dei dati con terze persone o entit\u00e0, tranne nei casi previsti dalla legge. Il trattamento dei dati avverr\u00e0 nella massima riservatezza, internamente al personale di BEROCAM CONSULTING S.L. <\/p>\n\n<p>I Dati Personali saranno conservati nei file dell&#8217;azienda durante la prestazione del servizio al cliente. <\/p>\n\n<p>Nel caso di assunzione di personale, i dati personali inclusi nei curriculum saranno conservati a tempo indeterminato, al fine di garantire il posto di lavoro richiesto dall&#8217;azienda. Questi dati saranno cancellati su richiesta esplicita dell&#8217;interessato. <\/p>\n\n<p>BEROCAM CONSULTING, S.L svolge le seguenti attivit\u00e0 di trattamento: <\/p>\n\n<p>1.- REGIME INTERNO, INCARICHI PROFESSIONALI, FORNITURA DEL SERVIZIO DI ASSISTENZA CLIENTI: trattamento dei dati ricevuti dal cliente, responsabile o personale del trattamento, nell&#8217;ambito degli incarichi professionali. Consulenza e Assistenza. <\/p>\n\n<p>Trattamento legale, ai sensi dell&#8217;articolo 6.1 b) del GDPR: &#8220;il trattamento \u00e8 necessario per l&#8217;esecuzione di un contratto di cui l&#8217;interessato \u00e8 parte o per l&#8217;adozione di misure a richiesta dell&#8217;interessato prima della conclusione di un contratto. <\/p>\n\n<p>2.- ADEMPIMENTO DEGLI OBBLIGHI FISCALI: invio di fatture contenenti i dati del cliente (Ragione Sociale, CIF, Domicilio Fiscale), al fine di adempiere all&#8217;obbligo fiscale dell&#8217;azienda. <\/p>\n\n<p>Trattamento legale, ai sensi dell&#8217;articolo 6.1 c) del GDPR: &#8220;il trattamento \u00e8 necessario per adempiere a un obbligo legale al quale \u00e8 soggetto il responsabile del trattamento.&#8221; <\/p>\n\n<p>3.- SELEZIONE E GESTIONE DEI CURRICULUM: ricezione, archiviazione e consultazione di curriculum di candidati alle offerte di lavoro pubblicate dall&#8217;azienda. Trattamento strettamente interno di Berocam Consulting S.L. Trattamento legale, ai sensi dell&#8217;articolo 6.1 b) del GDPR. <\/p>\n\n<p>Tratamiento legal, por el art\u00edculo 6.1 b) GDPR. <\/p>\n\n<p>4.- SORVEGLIANZA DELLA SICUREZZA E VIDEO: acquisizione di immagini da parte dell&#8217;azienda tramite telecamere all&#8217;interno delle strutture, al fine di garantire la sicurezza del personale, delle strutture e delle attrezzature, nonch\u00e9 di qualsiasi persona che acceda alle strutture. <\/p>\n\n<p>Trattamento legale, ai sensi dell&#8217;articolo 6.1 e) del GDPR: &#8220;il trattamento \u00e8 necessario per adempiere a un compito svolto nell&#8217;interesse pubblico o nell&#8217;esercizio dell&#8217;autorit\u00e0 pubblica conferita al responsabile del trattamento.&#8221; <\/p>\n\n<p>5.- DATI CONDIVISI SU RETI SOCIALI: A scopo pubblicitario e di visibilit\u00e0 digitale dell&#8217;azienda.<\/p>\n\n<p>Legittimazione: Condividendo i suoi dati nei nostri social media, lei acconsente espressamente e ci autorizza a riprodurli e comunicarli pubblicamente su tali reti con le finalit\u00e0 sopra indicate.<\/p>\n\n<p>6.- BOLLETTINI PUBBLICITARI E INFORMATIVI:<\/p>\n\n<p>BEROCAM potr\u00e0 inviare bollettini informativi e comunicazioni commerciali sui nostri servizi e\/o sull&#8217;organizzazione di eventi ad essi correlati a coloro che hanno precedentemente dato il loro consenso espresso.<\/p>\n\n<p>Lei avr\u00e0 la possibilit\u00e0 di richiedere la cessazione dell&#8217;invio di tali bollettini e comunicazioni nei termini previsti dalla Legge 34\/2002, dell&#8217;11 luglio, sui Servizi della Societ\u00e0 dell&#8217;Informazione, e di revocare il suo consenso gratuitamente e unilateralmente in qualsiasi momento, cancellandosi cliccando sulla sezione &#8220;UNSUBSCRIBE&#8221; in fondo ai bollettini e alle comunicazioni, o inviando una e-mail all&#8217;indirizzo seguente: <a href=\"mailto:protecciondedatos@berocam.es\">protecciondedatos@berocam.es<\/a> <\/p>\n\n<p>Chiunque, persona o entit\u00e0, pu\u00f2 esercitare i propri diritti di accesso, rettifica, cancellazione, opposizione, oblio e portabilit\u00e0 inviando una comunicazione scritta a Carretera de Fuencarral KM 3,8, Parque Empresarial Arbea, Edificio 2, Bajo Exterior, Alcobendas (Madrid) CP 28108, o inviando una e-mail a <a href=\"mailto:protecciondedatos@berocam.es\">protecciondedatos@berocam.es<\/a> <\/p>\n","protected":false},"excerpt":{"rendered":"<p>AVVISO LEGALE BEROCAM CONSULTING S.L., responsabile del sito web, mette a disposizione degli utenti il presente documento in ottemperanza agli obblighi previsti dalla Legge 34\/2002, sui Servizi della Societ\u00e0 dell&#8217;Informazione e del Commercio Elettronico (LISS-CE), nonch\u00e9 per informare tutti gli utenti del sito web sulle condizioni di utilizzo dello stesso. Questo sito web \u00e8 stato [&hellip;]<\/p>\n","protected":false},"author":3,"featured_media":0,"parent":0,"menu_order":0,"comment_status":"closed","ping_status":"closed","template":"","meta":{"_acf_changed":false,"footnotes":""},"taxo-papers":[],"class_list":["post-1197","page","type-page","status-publish","hentry"],"acf":[],"yoast_head":"<!-- This site is optimized with the Yoast SEO plugin v27.6 - https:\/\/yoast.com\/product\/yoast-seo-wordpress\/ -->\n<title>Politica sulla privacy - Berocam<\/title>\n<meta name=\"robots\" content=\"index, follow, max-snippet:-1, max-image-preview:large, max-video-preview:-1\" \/>\n<link rel=\"canonical\" href=\"https:\/\/www.berocam.es\/it\/politica-sulla-privacy\/\" \/>\n<meta property=\"og:locale\" content=\"it_IT\" \/>\n<meta property=\"og:type\" content=\"article\" \/>\n<meta property=\"og:title\" content=\"Politica sulla privacy - Berocam\" \/>\n<meta property=\"og:description\" content=\"AVVISO LEGALE BEROCAM CONSULTING S.L., responsabile del sito web, mette a disposizione degli utenti il presente documento in ottemperanza agli obblighi previsti dalla Legge 34\/2002, sui Servizi della Societ\u00e0 dell&#8217;Informazione e del Commercio Elettronico (LISS-CE), nonch\u00e9 per informare tutti gli utenti del sito web sulle condizioni di utilizzo dello stesso. Questo sito web \u00e8 stato [&hellip;]\" \/>\n<meta property=\"og:url\" content=\"https:\/\/www.berocam.es\/it\/politica-sulla-privacy\/\" \/>\n<meta property=\"og:site_name\" content=\"Berocam\" \/>\n<meta property=\"article:modified_time\" content=\"2023-12-04T13:44:07+00:00\" \/>\n<meta name=\"twitter:card\" content=\"summary_large_image\" \/>\n<meta name=\"twitter:label1\" content=\"Tempo di lettura stimato\" \/>\n\t<meta name=\"twitter:data1\" content=\"6 minuti\" \/>\n<script type=\"application\/ld+json\" class=\"yoast-schema-graph\">{\"@context\":\"https:\\\/\\\/schema.org\",\"@graph\":[{\"@type\":\"WebPage\",\"@id\":\"https:\\\/\\\/www.berocam.es\\\/it\\\/politica-sulla-privacy\\\/\",\"url\":\"https:\\\/\\\/www.berocam.es\\\/it\\\/politica-sulla-privacy\\\/\",\"name\":\"Politica sulla privacy - Berocam\",\"isPartOf\":{\"@id\":\"https:\\\/\\\/www.berocam.es\\\/it\\\/#website\"},\"datePublished\":\"2023-02-12T08:58:42+00:00\",\"dateModified\":\"2023-12-04T13:44:07+00:00\",\"breadcrumb\":{\"@id\":\"https:\\\/\\\/www.berocam.es\\\/it\\\/politica-sulla-privacy\\\/#breadcrumb\"},\"inLanguage\":\"it-IT\",\"potentialAction\":[{\"@type\":\"ReadAction\",\"target\":[\"https:\\\/\\\/www.berocam.es\\\/it\\\/politica-sulla-privacy\\\/\"]}]},{\"@type\":\"BreadcrumbList\",\"@id\":\"https:\\\/\\\/www.berocam.es\\\/it\\\/politica-sulla-privacy\\\/#breadcrumb\",\"itemListElement\":[{\"@type\":\"ListItem\",\"position\":1,\"name\":\"Portada\",\"item\":\"https:\\\/\\\/www.berocam.es\\\/it\\\/home\\\/\"},{\"@type\":\"ListItem\",\"position\":2,\"name\":\"Politica sulla privacy\"}]},{\"@type\":\"WebSite\",\"@id\":\"https:\\\/\\\/www.berocam.es\\\/it\\\/#website\",\"url\":\"https:\\\/\\\/www.berocam.es\\\/it\\\/\",\"name\":\"Berocam\",\"description\":\"En berocam pensamos que los activos con mayor impacto en un negocio son las personas y los datos. Por eso, trabajamos junto a los l\u00edderes de las organizaciones que quieren transformar y evolucionar su negocio a partir de los datos (me imagino que no cabr\u00e1 pero hasta donde se corte).\",\"potentialAction\":[{\"@type\":\"SearchAction\",\"target\":{\"@type\":\"EntryPoint\",\"urlTemplate\":\"https:\\\/\\\/www.berocam.es\\\/it\\\/?s={search_term_string}\"},\"query-input\":{\"@type\":\"PropertyValueSpecification\",\"valueRequired\":true,\"valueName\":\"search_term_string\"}}],\"inLanguage\":\"it-IT\"}]}<\/script>\n<!-- \/ Yoast SEO plugin. -->","yoast_head_json":{"title":"Politica sulla privacy - Berocam","robots":{"index":"index","follow":"follow","max-snippet":"max-snippet:-1","max-image-preview":"max-image-preview:large","max-video-preview":"max-video-preview:-1"},"canonical":"https:\/\/www.berocam.es\/it\/politica-sulla-privacy\/","og_locale":"it_IT","og_type":"article","og_title":"Politica sulla privacy - Berocam","og_description":"AVVISO LEGALE BEROCAM CONSULTING S.L., responsabile del sito web, mette a disposizione degli utenti il presente documento in ottemperanza agli obblighi previsti dalla Legge 34\/2002, sui Servizi della Societ\u00e0 dell&#8217;Informazione e del Commercio Elettronico (LISS-CE), nonch\u00e9 per informare tutti gli utenti del sito web sulle condizioni di utilizzo dello stesso. Questo sito web \u00e8 stato [&hellip;]","og_url":"https:\/\/www.berocam.es\/it\/politica-sulla-privacy\/","og_site_name":"Berocam","article_modified_time":"2023-12-04T13:44:07+00:00","twitter_card":"summary_large_image","twitter_misc":{"Tempo di lettura stimato":"6 minuti"},"schema":{"@context":"https:\/\/schema.org","@graph":[{"@type":"WebPage","@id":"https:\/\/www.berocam.es\/it\/politica-sulla-privacy\/","url":"https:\/\/www.berocam.es\/it\/politica-sulla-privacy\/","name":"Politica sulla privacy - Berocam","isPartOf":{"@id":"https:\/\/www.berocam.es\/it\/#website"},"datePublished":"2023-02-12T08:58:42+00:00","dateModified":"2023-12-04T13:44:07+00:00","breadcrumb":{"@id":"https:\/\/www.berocam.es\/it\/politica-sulla-privacy\/#breadcrumb"},"inLanguage":"it-IT","potentialAction":[{"@type":"ReadAction","target":["https:\/\/www.berocam.es\/it\/politica-sulla-privacy\/"]}]},{"@type":"BreadcrumbList","@id":"https:\/\/www.berocam.es\/it\/politica-sulla-privacy\/#breadcrumb","itemListElement":[{"@type":"ListItem","position":1,"name":"Portada","item":"https:\/\/www.berocam.es\/it\/home\/"},{"@type":"ListItem","position":2,"name":"Politica sulla privacy"}]},{"@type":"WebSite","@id":"https:\/\/www.berocam.es\/it\/#website","url":"https:\/\/www.berocam.es\/it\/","name":"Berocam","description":"En berocam pensamos que los activos con mayor impacto en un negocio son las personas y los datos. Por eso, trabajamos junto a los l\u00edderes de las organizaciones que quieren transformar y evolucionar su negocio a partir de los datos (me imagino que no cabr\u00e1 pero hasta donde se corte).","potentialAction":[{"@type":"SearchAction","target":{"@type":"EntryPoint","urlTemplate":"https:\/\/www.berocam.es\/it\/?s={search_term_string}"},"query-input":{"@type":"PropertyValueSpecification","valueRequired":true,"valueName":"search_term_string"}}],"inLanguage":"it-IT"}]}},"_links":{"self":[{"href":"https:\/\/www.berocam.es\/it\/wp-json\/wp\/v2\/pages\/1197","targetHints":{"allow":["GET"]}}],"collection":[{"href":"https:\/\/www.berocam.es\/it\/wp-json\/wp\/v2\/pages"}],"about":[{"href":"https:\/\/www.berocam.es\/it\/wp-json\/wp\/v2\/types\/page"}],"author":[{"embeddable":true,"href":"https:\/\/www.berocam.es\/it\/wp-json\/wp\/v2\/users\/3"}],"replies":[{"embeddable":true,"href":"https:\/\/www.berocam.es\/it\/wp-json\/wp\/v2\/comments?post=1197"}],"version-history":[{"count":1,"href":"https:\/\/www.berocam.es\/it\/wp-json\/wp\/v2\/pages\/1197\/revisions"}],"predecessor-version":[{"id":1198,"href":"https:\/\/www.berocam.es\/it\/wp-json\/wp\/v2\/pages\/1197\/revisions\/1198"}],"wp:attachment":[{"href":"https:\/\/www.berocam.es\/it\/wp-json\/wp\/v2\/media?parent=1197"}],"wp:term":[{"taxonomy":"taxo-papers","embeddable":true,"href":"https:\/\/www.berocam.es\/it\/wp-json\/wp\/v2\/taxo-papers?post=1197"}],"curies":[{"name":"wp","href":"https:\/\/api.w.org\/{rel}","templated":true}]}}